{"id":6010,"date":"2021-08-23T12:40:32","date_gmt":"2021-08-23T10:40:32","guid":{"rendered":"https:\/\/mini-dyktafon.podsluch.pl\/?page_id=6010"},"modified":"2022-10-23T12:25:14","modified_gmt":"2022-10-23T10:25:14","slug":"mini-dyktafony-detektyw","status":"publish","type":"page","link":"https:\/\/mini-dyktafon.podsluch.pl\/index.php\/mini-dyktafony-detektyw\/","title":{"rendered":"Opinie detektyw\u00f3w"},"content":{"rendered":"\t\t<div data-elementor-type=\"wp-page\" data-elementor-id=\"6010\" class=\"elementor elementor-6010\" data-elementor-settings=\"[]\">\n\t\t\t\t\t\t<div class=\"elementor-inner\">\n\t\t\t\t\t\t\t<div class=\"elementor-section-wrap\">\n\t\t\t\t\t\t\t<section class=\"elementor-section elementor-top-section elementor-element elementor-element-4abe1a4 elementor-section-boxed elementor-section-height-default elementor-section-height-default\" data-id=\"4abe1a4\" data-element_type=\"section\">\n\t\t\t\t\t\t<div class=\"elementor-container elementor-column-gap-default\">\n\t\t\t\t\t\t\t<div class=\"elementor-row\">\n\t\t\t\t\t<div class=\"elementor-column elementor-col-100 elementor-top-column elementor-element elementor-element-dc73640\" data-id=\"dc73640\" data-element_type=\"column\">\n\t\t\t<div class=\"elementor-column-wrap elementor-element-populated\">\n\t\t\t\t\t\t\t<div class=\"elementor-widget-wrap\">\n\t\t\t\t\t\t<div class=\"elementor-element elementor-element-53f58f8 elementor-widget elementor-widget-text-editor\" data-id=\"53f58f8\" data-element_type=\"widget\" data-widget_type=\"text-editor.default\">\n\t\t\t\t<div class=\"elementor-widget-container\">\n\t\t\t\t\t\t\t\t<div class=\"elementor-text-editor elementor-clearfix\">\n\t\t\t\t<h2 style=\"text-align: center;\"><span style=\"vertical-align: inherit;\"><span style=\"vertical-align: inherit;\"><span style=\"vertical-align: inherit;\"><span style=\"vertical-align: inherit;\">Mini dyktafony.<\/span><\/span><\/span><\/span><\/h2><p><img loading=\"lazy\" class=\"alignleft wp-image-312 size-full\" src=\"https:\/\/mini-dyktafon.podsluch.pl\/wp-content\/uploads\/2019\/08\/mini-dyktafon-big.jpg\" alt=\"mini dyktafony\" width=\"432\" height=\"160\" srcset=\"https:\/\/mini-dyktafon.podsluch.pl\/wp-content\/uploads\/2019\/08\/mini-dyktafon-big.jpg 432w, https:\/\/mini-dyktafon.podsluch.pl\/wp-content\/uploads\/2019\/08\/mini-dyktafon-big-250x93.jpg 250w, https:\/\/mini-dyktafon.podsluch.pl\/wp-content\/uploads\/2019\/08\/mini-dyktafon-big-300x111.jpg 300w\" sizes=\"(max-width: 432px) 100vw, 432px\" \/><span style=\"vertical-align: inherit;\"><span style=\"vertical-align: inherit;\"><span style=\"vertical-align: inherit;\"><span style=\"vertical-align: inherit;\">Firmy i osoby wymienione na li\u015bcie poni\u017cej wykorzystuj\u0105 nasze mini dyktafony oraz lokalizatory GPS na co dzie\u0144 w swojej dzia\u0142alno\u015bci. Euro-Soft oferuje tak\u017ce <\/span><\/span><a href=\"https:\/\/www.euro-soft.pl\/joomla\/index.php\/8-oferty\/63-odczyt-skasowanych-sms\" rel=\"dofollow\"><span style=\"vertical-align: inherit;\"><span style=\"vertical-align: inherit;\">odczyt telefon\u00f3w kom\u00f3rkowych<\/span><\/span><\/a><span style=\"vertical-align: inherit;\"><span style=\"vertical-align: inherit;\"> a zw\u0142aszcza informacji skasowanych w tych telefonach. Wykonujemy <a href=\"https:\/\/www.euro-soft.pl\/joomla\/\" rel=\"dofollow\">audyty bezpiecze\u0144stwa<\/a> w pomieszczeniach firmowych oraz w mieszkaniach prywatnych. Opracowujemy tak\u017ce <a href=\"https:\/\/mini-dyktafon.podsluch.pl\/index.php\/ekspertyzy-dla-prokuratur\/\">ekspertyzy na zlecenia policji i prokuratur <\/a>dotycz\u0105ce sprz\u0119tu pods\u0142uchowego.<\/span><\/span><\/span><\/span><\/p>\t\t\t\t\t<\/div>\n\t\t\t\t\t\t<\/div>\n\t\t\t\t<\/div>\n\t\t\t\t\t\t<\/div>\n\t\t\t\t\t<\/div>\n\t\t<\/div>\n\t\t\t\t\t\t\t\t<\/div>\n\t\t\t\t\t<\/div>\n\t\t<\/section>\n\t\t\t\t<section class=\"elementor-section elementor-top-section elementor-element elementor-element-05d69af elementor-section-boxed elementor-section-height-default elementor-section-height-default\" data-id=\"05d69af\" data-element_type=\"section\">\n\t\t\t\t\t\t<div class=\"elementor-container elementor-column-gap-default\">\n\t\t\t\t\t\t\t<div class=\"elementor-row\">\n\t\t\t\t\t<div class=\"elementor-column elementor-col-100 elementor-top-column elementor-element elementor-element-077dd4f\" data-id=\"077dd4f\" data-element_type=\"column\">\n\t\t\t<div class=\"elementor-column-wrap elementor-element-populated\">\n\t\t\t\t\t\t\t<div class=\"elementor-widget-wrap\">\n\t\t\t\t\t\t<div class=\"elementor-element elementor-element-bd53357 elementor-widget elementor-widget-text-editor\" data-id=\"bd53357\" data-element_type=\"widget\" data-widget_type=\"text-editor.default\">\n\t\t\t\t<div class=\"elementor-widget-container\">\n\t\t\t\t\t\t\t\t<div class=\"elementor-text-editor elementor-clearfix\">\n\t\t\t\t<p><strong>Detektyw Halski\u00a0 \u00a0<\/strong>Warszawa\u00a0 \u00a0tel. 604-121-997\u00a0 \u00a0 \u00a0 e-mail detektyw@halski.pl<\/p>\t\t\t\t\t<\/div>\n\t\t\t\t\t\t<\/div>\n\t\t\t\t<\/div>\n\t\t\t\t<div class=\"elementor-element elementor-element-48ba1ab elementor-widget elementor-widget-text-editor\" data-id=\"48ba1ab\" data-element_type=\"widget\" data-widget_type=\"text-editor.default\">\n\t\t\t\t<div class=\"elementor-widget-container\">\n\t\t\t\t\t\t\t\t<div class=\"elementor-text-editor elementor-clearfix\">\n\t\t\t\t<p><strong>Detektyw Piotrowski\u00a0 \u00a0<\/strong>E\u0142k\u00a0 \u00a0tel. 514-971-902\u00a0 \u00a0 \u00a0e-mail piotrowski.dossier@mail.com<\/p>\t\t\t\t\t<\/div>\n\t\t\t\t\t\t<\/div>\n\t\t\t\t<\/div>\n\t\t\t\t<div class=\"elementor-element elementor-element-ba7c53d elementor-widget elementor-widget-text-editor\" data-id=\"ba7c53d\" data-element_type=\"widget\" data-widget_type=\"text-editor.default\">\n\t\t\t\t<div class=\"elementor-widget-container\">\n\t\t\t\t\t\t\t\t<div class=\"elementor-text-editor elementor-clearfix\">\n\t\t\t\t<p><strong>Detektyw Zemke\u00a0 \u00a0 <\/strong>Toru\u0144\u00a0 \u00a0tel. 530-210-878\u00a0 \u00a0 \u00a0e-mail kontakt@detektyw-torun.pl<\/p>\t\t\t\t\t<\/div>\n\t\t\t\t\t\t<\/div>\n\t\t\t\t<\/div>\n\t\t\t\t<div class=\"elementor-element elementor-element-17cb906 elementor-widget elementor-widget-text-editor\" data-id=\"17cb906\" data-element_type=\"widget\" data-widget_type=\"text-editor.default\">\n\t\t\t\t<div class=\"elementor-widget-container\">\n\t\t\t\t\t\t\t\t<div class=\"elementor-text-editor elementor-clearfix\">\n\t\t\t\t<p><strong>Detektyw Michalik\u00a0 \u00a0<\/strong> Szczecin\u00a0 \u00a0 tel. 501-341-616\u00a0 \u00a0e-mail\u00a0 info@detektyw24.szczecin.pl<\/p>\t\t\t\t\t<\/div>\n\t\t\t\t\t\t<\/div>\n\t\t\t\t<\/div>\n\t\t\t\t<div class=\"elementor-element elementor-element-2a10385 elementor-widget elementor-widget-text-editor\" data-id=\"2a10385\" data-element_type=\"widget\" data-widget_type=\"text-editor.default\">\n\t\t\t\t<div class=\"elementor-widget-container\">\n\t\t\t\t\t\t\t\t<div class=\"elementor-text-editor elementor-clearfix\">\n\t\t\t\t<p><strong>Detektywi 24h\/7\u00a0 \u00a0<\/strong>Warszawa\u00a0 \u00a0tel. 797-320-007\u00a0 \u00a0e-mail\u00a0 \u00a0pogotowie.detektywistyczne@gmail.com<\/p>\t\t\t\t\t<\/div>\n\t\t\t\t\t\t<\/div>\n\t\t\t\t<\/div>\n\t\t\t\t<div class=\"elementor-element elementor-element-8bcc62d elementor-widget elementor-widget-text-editor\" data-id=\"8bcc62d\" data-element_type=\"widget\" data-widget_type=\"text-editor.default\">\n\t\t\t\t<div class=\"elementor-widget-container\">\n\t\t\t\t\t\t\t\t<div class=\"elementor-text-editor elementor-clearfix\">\n\t\t\t\t<p><strong>Biuro Detektywistyczne Klos-Laskowski SC\u00a0 \u00a0<\/strong>Szczecin\u00a0 tel.\u00a0 785-484-308\u00a0 www.prywatny-detektyw.pl.tl<\/p>\t\t\t\t\t<\/div>\n\t\t\t\t\t\t<\/div>\n\t\t\t\t<\/div>\n\t\t\t\t<div class=\"elementor-element elementor-element-e0e8087 elementor-widget elementor-widget-text-editor\" data-id=\"e0e8087\" data-element_type=\"widget\" data-widget_type=\"text-editor.default\">\n\t\t\t\t<div class=\"elementor-widget-container\">\n\t\t\t\t\t\t\t\t<div class=\"elementor-text-editor elementor-clearfix\">\n\t\t\t\t<p><strong>Detektyw Michalak<\/strong>\u00a0 \u00a0Warszawa\u00a0 \u00a0tel.\u00a0 502-161-904\u00a0 \u00a0 e-mail rozwod@euro-soft.pl<\/p>\t\t\t\t\t<\/div>\n\t\t\t\t\t\t<\/div>\n\t\t\t\t<\/div>\n\t\t\t\t<div class=\"elementor-element elementor-element-8d970f3 elementor-widget elementor-widget-text-editor\" data-id=\"8d970f3\" data-element_type=\"widget\" data-widget_type=\"text-editor.default\">\n\t\t\t\t<div class=\"elementor-widget-container\">\n\t\t\t\t\t\t\t\t<div class=\"elementor-text-editor elementor-clearfix\">\n\t\t\t\t<p><strong>Biuro Detektywistyczne Marta Michalska- Wilk\u00a0 \u00a0 <\/strong>Radom\u00a0 \u00a0tel.\u00a0 793-569-081\u00a0 \u00a0e-mail\u00a0 detektywradom@op.pl<\/p>\t\t\t\t\t<\/div>\n\t\t\t\t\t\t<\/div>\n\t\t\t\t<\/div>\n\t\t\t\t<div class=\"elementor-element elementor-element-635122e elementor-widget elementor-widget-text-editor\" data-id=\"635122e\" data-element_type=\"widget\" data-widget_type=\"text-editor.default\">\n\t\t\t\t<div class=\"elementor-widget-container\">\n\t\t\t\t\t\t\t\t<div class=\"elementor-text-editor elementor-clearfix\">\n\t\t\t\t<p><strong>Protektiv Biuro Detektywistyczne\u00a0 <\/strong>\u00a0Lipk\u00f3w\u00a0 \u00a0tel. 500 377 506\u00a0\u00a0<\/p>\t\t\t\t\t<\/div>\n\t\t\t\t\t\t<\/div>\n\t\t\t\t<\/div>\n\t\t\t\t<div class=\"elementor-element elementor-element-2f060d7 elementor-widget elementor-widget-text-editor\" data-id=\"2f060d7\" data-element_type=\"widget\" data-widget_type=\"text-editor.default\">\n\t\t\t\t<div class=\"elementor-widget-container\">\n\t\t\t\t\t\t\t\t<div class=\"elementor-text-editor elementor-clearfix\">\n\t\t\t\t<p><strong>Polska Grupa Dochodzeniowo \u015aledcza Sp. z o.o<\/strong>\u00a0 \u00a0Warszawa\u00a0 tel.\u00a0 \u00a0504-603-997\u00a0 \u00a0e-mail\u00a0 biuro@pdds.pl<\/p>\t\t\t\t\t<\/div>\n\t\t\t\t\t\t<\/div>\n\t\t\t\t<\/div>\n\t\t\t\t<div class=\"elementor-element elementor-element-1eb3481 elementor-widget elementor-widget-text-editor\" data-id=\"1eb3481\" data-element_type=\"widget\" data-widget_type=\"text-editor.default\">\n\t\t\t\t<div class=\"elementor-widget-container\">\n\t\t\t\t\t\t\t\t<div class=\"elementor-text-editor elementor-clearfix\">\n\t\t\t\t<p><strong>Detektyw Lambert<\/strong>\u00a0 \u00a0Warszawa\u00a0 \u00a0tel. 501-159-903\u00a0 \u00a0e-mail\u00a0 biuro@podsluch.pl<\/p>\t\t\t\t\t<\/div>\n\t\t\t\t\t\t<\/div>\n\t\t\t\t<\/div>\n\t\t\t\t<div class=\"elementor-element elementor-element-30c0e39 elementor-widget elementor-widget-text-editor\" data-id=\"30c0e39\" data-element_type=\"widget\" data-widget_type=\"text-editor.default\">\n\t\t\t\t<div class=\"elementor-widget-container\">\n\t\t\t\t\t\t\t\t<div class=\"elementor-text-editor elementor-clearfix\">\n\t\t\t\t<p><strong>Detektyw\u00a0 Korejwo<\/strong>\u00a0 \u00a0Gdynia\u00a0 \u00a0tel.\u00a0 500-486-666\u00a0 \u00a0 \u00a0e-mail\u00a0 \u00a0kad.gdansk@gmail.com<\/p>\t\t\t\t\t<\/div>\n\t\t\t\t\t\t<\/div>\n\t\t\t\t<\/div>\n\t\t\t\t<div class=\"elementor-element elementor-element-ac48439 elementor-widget elementor-widget-text-editor\" data-id=\"ac48439\" data-element_type=\"widget\" data-widget_type=\"text-editor.default\">\n\t\t\t\t<div class=\"elementor-widget-container\">\n\t\t\t\t\t\t\t\t<div class=\"elementor-text-editor elementor-clearfix\">\n\t\t\t\t\t\t\t\t\t<\/div>\n\t\t\t\t\t\t<\/div>\n\t\t\t\t<\/div>\n\t\t\t\t\t\t<\/div>\n\t\t\t\t\t<\/div>\n\t\t<\/div>\n\t\t\t\t\t\t\t\t<\/div>\n\t\t\t\t\t<\/div>\n\t\t<\/section>\n\t\t\t\t<section class=\"elementor-section elementor-top-section elementor-element elementor-element-05e68d2 elementor-section-boxed elementor-section-height-default elementor-section-height-default\" data-id=\"05e68d2\" data-element_type=\"section\">\n\t\t\t\t\t\t<div class=\"elementor-container elementor-column-gap-default\">\n\t\t\t\t\t\t\t<div class=\"elementor-row\">\n\t\t\t\t\t<div class=\"elementor-column elementor-col-100 elementor-top-column elementor-element elementor-element-4793272\" data-id=\"4793272\" data-element_type=\"column\">\n\t\t\t<div class=\"elementor-column-wrap elementor-element-populated\">\n\t\t\t\t\t\t\t<div class=\"elementor-widget-wrap\">\n\t\t\t\t\t\t<div class=\"elementor-element elementor-element-de78fd3 elementor-widget elementor-widget-text-editor\" data-id=\"de78fd3\" data-element_type=\"widget\" data-widget_type=\"text-editor.default\">\n\t\t\t\t<div class=\"elementor-widget-container\">\n\t\t\t\t\t\t\t\t<div class=\"elementor-text-editor elementor-clearfix\">\n\t\t\t\t<p style=\"text-align: center;\"><span style=\"vertical-align: inherit;\"><span style=\"vertical-align: inherit;\">Szczeg\u00f3\u0142owe informacje na temat dyktafon\u00f3w znajdziesz tak\u017ce na stronie <\/span><\/span><a href=\"https:\/\/www.euro-soft.pl\/joomla\/index.php\/8-oferty\/154-mini-dyktafony\"><span style=\"vertical-align: inherit;\"><span style=\"vertical-align: inherit;\">https:\/\/www.euro-soft.pl\/<\/span><\/span><\/a><\/p>\t\t\t\t\t<\/div>\n\t\t\t\t\t\t<\/div>\n\t\t\t\t<\/div>\n\t\t\t\t<div class=\"elementor-element elementor-element-d26cd61 elementor-shape-rounded elementor-grid-0 e-grid-align-center elementor-widget elementor-widget-social-icons\" data-id=\"d26cd61\" data-element_type=\"widget\" data-widget_type=\"social-icons.default\">\n\t\t\t\t<div class=\"elementor-widget-container\">\n\t\t\t\t\t<div class=\"elementor-social-icons-wrapper elementor-grid\">\n\t\t\t\t\t\t\t<span class=\"elementor-grid-item\">\n\t\t\t\t\t<a class=\"elementor-icon elementor-social-icon elementor-social-icon-facebook elementor-repeater-item-78d1487\" href=\"https:\/\/www.facebook.com\/spystor\/?ref=pages_you_manage\" target=\"_blank\">\n\t\t\t\t\t\t<span class=\"elementor-screen-only\">Facebook<\/span>\n\t\t\t\t\t\t<i class=\"fab fa-facebook\"><\/i>\t\t\t\t\t<\/a>\n\t\t\t\t<\/span>\n\t\t\t\t\t\t\t<span class=\"elementor-grid-item\">\n\t\t\t\t\t<a class=\"elementor-icon elementor-social-icon elementor-social-icon-facebook elementor-repeater-item-c75bd64\" href=\"https:\/\/www.facebook.com\/eurosoft12\/?ref=pages_you_manage\" target=\"_blank\">\n\t\t\t\t\t\t<span class=\"elementor-screen-only\">Facebook<\/span>\n\t\t\t\t\t\t<i class=\"fab fa-facebook\"><\/i>\t\t\t\t\t<\/a>\n\t\t\t\t<\/span>\n\t\t\t\t\t\t\t<span class=\"elementor-grid-item\">\n\t\t\t\t\t<a class=\"elementor-icon elementor-social-icon elementor-social-icon-youtube elementor-repeater-item-11cf21d\" href=\"https:\/\/www.youtube.com\/watch?v=UEkNlhxAwhc\" target=\"_blank\">\n\t\t\t\t\t\t<span class=\"elementor-screen-only\">Youtube<\/span>\n\t\t\t\t\t\t<i class=\"fab fa-youtube\"><\/i>\t\t\t\t\t<\/a>\n\t\t\t\t<\/span>\n\t\t\t\t\t<\/div>\n\t\t\t\t<\/div>\n\t\t\t\t<\/div>\n\t\t\t\t\t\t<\/div>\n\t\t\t\t\t<\/div>\n\t\t<\/div>\n\t\t\t\t\t\t\t\t<\/div>\n\t\t\t\t\t<\/div>\n\t\t<\/section>\n\t\t\t\t\t\t<\/div>\n\t\t\t\t\t\t<\/div>\n\t\t\t\t\t<\/div>\n\t\t","protected":false},"excerpt":{"rendered":"<p>Mini dyktafony. Firmy i osoby wymienione na li\u015bcie poni\u017cej wykorzystuj\u0105 nasze mini dyktafony oraz lokalizatory GPS na co dzie\u0144 w&hellip;<\/p>\n","protected":false},"author":2,"featured_media":0,"parent":0,"menu_order":0,"comment_status":"closed","ping_status":"closed","template":"","meta":[],"_links":{"self":[{"href":"https:\/\/mini-dyktafon.podsluch.pl\/index.php\/wp-json\/wp\/v2\/pages\/6010"}],"collection":[{"href":"https:\/\/mini-dyktafon.podsluch.pl\/index.php\/wp-json\/wp\/v2\/pages"}],"about":[{"href":"https:\/\/mini-dyktafon.podsluch.pl\/index.php\/wp-json\/wp\/v2\/types\/page"}],"author":[{"embeddable":true,"href":"https:\/\/mini-dyktafon.podsluch.pl\/index.php\/wp-json\/wp\/v2\/users\/2"}],"replies":[{"embeddable":true,"href":"https:\/\/mini-dyktafon.podsluch.pl\/index.php\/wp-json\/wp\/v2\/comments?post=6010"}],"version-history":[{"count":152,"href":"https:\/\/mini-dyktafon.podsluch.pl\/index.php\/wp-json\/wp\/v2\/pages\/6010\/revisions"}],"predecessor-version":[{"id":7098,"href":"https:\/\/mini-dyktafon.podsluch.pl\/index.php\/wp-json\/wp\/v2\/pages\/6010\/revisions\/7098"}],"wp:attachment":[{"href":"https:\/\/mini-dyktafon.podsluch.pl\/index.php\/wp-json\/wp\/v2\/media?parent=6010"}],"curies":[{"name":"wp","href":"https:\/\/api.w.org\/{rel}","templated":true}]}}