{"id":4701,"date":"2020-10-20T08:49:42","date_gmt":"2020-10-20T06:49:42","guid":{"rendered":"https:\/\/mini-dyktafon.podsluch.pl\/?page_id=4701"},"modified":"2021-09-16T12:28:25","modified_gmt":"2021-09-16T10:28:25","slug":"mini-dyktafony-warszawa","status":"publish","type":"page","link":"https:\/\/mini-dyktafon.podsluch.pl\/index.php\/mini-dyktafony-warszawa\/","title":{"rendered":"Aplikacje do odczytu Mini Dyktafon\u00f3w"},"content":{"rendered":"\t\t<div data-elementor-type=\"wp-page\" data-elementor-id=\"4701\" class=\"elementor elementor-4701\" data-elementor-settings=\"[]\">\n\t\t\t\t\t\t<div class=\"elementor-inner\">\n\t\t\t\t\t\t\t<div class=\"elementor-section-wrap\">\n\t\t\t\t\t\t\t<section class=\"elementor-section elementor-top-section elementor-element elementor-element-2ec73c4 elementor-section-boxed elementor-section-height-default elementor-section-height-default\" data-id=\"2ec73c4\" data-element_type=\"section\">\n\t\t\t\t\t\t<div class=\"elementor-container elementor-column-gap-default\">\n\t\t\t\t\t\t\t<div class=\"elementor-row\">\n\t\t\t\t\t<div class=\"elementor-column elementor-col-100 elementor-top-column elementor-element elementor-element-e10ca56\" data-id=\"e10ca56\" data-element_type=\"column\">\n\t\t\t<div class=\"elementor-column-wrap elementor-element-populated\">\n\t\t\t\t\t\t\t<div class=\"elementor-widget-wrap\">\n\t\t\t\t\t\t<div class=\"elementor-element elementor-element-bc6d06e elementor-widget elementor-widget-text-editor\" data-id=\"bc6d06e\" data-element_type=\"widget\" data-widget_type=\"text-editor.default\">\n\t\t\t\t<div class=\"elementor-widget-container\">\n\t\t\t\t\t\t\t\t<div class=\"elementor-text-editor elementor-clearfix\">\n\t\t\t\t<h2 style=\"text-align: center;\"><span style=\"vertical-align: inherit;\"><span style=\"vertical-align: inherit;\"><span style=\"vertical-align: inherit;\"><span style=\"vertical-align: inherit;\">Odczyt nagra\u0144 .<\/span><\/span><\/span><\/span><\/h2><p><strong>Odczyt nagra\u0144<\/strong>\u00a0z mini dyktafon\u00f3w mo\u017cna wykonywa\u0107 u\u017cywaj\u0105c dowolne oprogramowanie prezentowane poni\u017cej. My rekomendujemy aplikacje WavePad lub AudaCity.<\/p><p style=\"text-align: center;\"><span style=\"vertical-align: inherit;\"><span style=\"vertical-align: inherit;\"><span style=\"vertical-align: inherit;\"><span style=\"vertical-align: inherit;\"><img loading=\"lazy\" class=\"alignleft wp-image-5734 size-medium\" src=\"https:\/\/mini-dyktafon.podsluch.pl\/wp-content\/uploads\/2021\/08\/Acoustica-Basic-Edition--250x144.jpg\" alt=\"odczyt nagra\u0144\" width=\"250\" height=\"144\" srcset=\"https:\/\/mini-dyktafon.podsluch.pl\/wp-content\/uploads\/2021\/08\/Acoustica-Basic-Edition--250x144.jpg 250w, https:\/\/mini-dyktafon.podsluch.pl\/wp-content\/uploads\/2021\/08\/Acoustica-Basic-Edition-.jpg 466w\" sizes=\"(max-width: 250px) 100vw, 250px\" \/><\/span><\/span><\/span><\/span><\/p><h2>Ocenaudio 3.3.10<\/h2><div>\u00a0<\/div><div>\u00a0<\/div><div>\u00a0<\/div><div>\u00a0<\/div><p style=\"text-align: center;\"><span style=\"vertical-align: inherit;\"><span style=\"vertical-align: inherit;\"><span style=\"vertical-align: inherit;\"><span style=\"vertical-align: inherit;\"><img loading=\"lazy\" class=\"alignleft wp-image-5736 size-medium\" src=\"https:\/\/mini-dyktafon.podsluch.pl\/wp-content\/uploads\/2021\/08\/Audacity-250x158.jpg\" alt=\"odczyt nagra\u0144\" width=\"250\" height=\"158\" srcset=\"https:\/\/mini-dyktafon.podsluch.pl\/wp-content\/uploads\/2021\/08\/Audacity-250x158.jpg 250w, https:\/\/mini-dyktafon.podsluch.pl\/wp-content\/uploads\/2021\/08\/Audacity.jpg 466w\" sizes=\"(max-width: 250px) 100vw, 250px\" \/><\/span><\/span><\/span><\/span><\/p><h2>Audacity 2.2.2<\/h2><div>\u00a0<\/div><div>\u00a0<\/div><div>\u00a0<\/div><p style=\"text-align: left;\"><span style=\"vertical-align: inherit;\"><span style=\"vertical-align: inherit;\"><span style=\"vertical-align: inherit;\"><span style=\"vertical-align: inherit;\">.<\/span><\/span><\/span><\/span><\/p><p style=\"text-align: center;\"><span style=\"vertical-align: inherit;\"><span style=\"vertical-align: inherit;\"><span style=\"vertical-align: inherit;\"><span style=\"vertical-align: inherit;\">\u00a0 \u00a0<img loading=\"lazy\" class=\"alignleft wp-image-5737 size-medium\" src=\"https:\/\/mini-dyktafon.podsluch.pl\/wp-content\/uploads\/2021\/08\/GoldWave-250x159.jpg\" alt=\"odczyt nagra\u0144 z dyktafonu\" width=\"250\" height=\"159\" srcset=\"https:\/\/mini-dyktafon.podsluch.pl\/wp-content\/uploads\/2021\/08\/GoldWave-250x159.jpg 250w, https:\/\/mini-dyktafon.podsluch.pl\/wp-content\/uploads\/2021\/08\/GoldWave.jpg 466w\" sizes=\"(max-width: 250px) 100vw, 250px\" \/><\/span><\/span><\/span><\/span><\/p><h2>GoldWave 6.31<\/h2><div>\u00a0<\/div><div>\u00a0<\/div><div>\u00a0<\/div><p style=\"text-align: center;\"><span style=\"vertical-align: inherit;\"><span style=\"vertical-align: inherit;\"><span style=\"vertical-align: inherit;\"><span style=\"vertical-align: inherit;\"><img loading=\"lazy\" class=\"alignleft wp-image-5745 size-medium\" src=\"https:\/\/mini-dyktafon.podsluch.pl\/wp-content\/uploads\/2021\/08\/WavePad-250x161.jpg\" alt=\"odczyt nagra\u0144 z dyktafon\u00f3w\" width=\"250\" height=\"161\" srcset=\"https:\/\/mini-dyktafon.podsluch.pl\/wp-content\/uploads\/2021\/08\/WavePad-250x161.jpg 250w, https:\/\/mini-dyktafon.podsluch.pl\/wp-content\/uploads\/2021\/08\/WavePad-800x515.jpg 800w, https:\/\/mini-dyktafon.podsluch.pl\/wp-content\/uploads\/2021\/08\/WavePad-768x494.jpg 768w, https:\/\/mini-dyktafon.podsluch.pl\/wp-content\/uploads\/2021\/08\/WavePad.jpg 1063w\" sizes=\"(max-width: 250px) 100vw, 250px\" \/><\/span><\/span><\/span><\/span><\/p><h2>WavePad Audio Editing<\/h2><div><span style=\"color: #ff0000;\">Rekomendujemy korzystanie z tej aplikacji.<\/span><\/div><h2>\u00a0<\/h2><h2>\u00a0<\/h2><p style=\"text-align: center;\"><span style=\"vertical-align: inherit;\"><span style=\"vertical-align: inherit;\"><span style=\"vertical-align: inherit;\"><span style=\"vertical-align: inherit;\"><img loading=\"lazy\" class=\"alignleft wp-image-5741 size-medium\" src=\"https:\/\/mini-dyktafon.podsluch.pl\/wp-content\/uploads\/2021\/08\/AVS-Audio-Editor-250x171.jpg\" alt=\"odczyt nagra\u0144 z dyktafon\u00f3w Euro-Soft\" width=\"250\" height=\"171\" srcset=\"https:\/\/mini-dyktafon.podsluch.pl\/wp-content\/uploads\/2021\/08\/AVS-Audio-Editor-250x171.jpg 250w, https:\/\/mini-dyktafon.podsluch.pl\/wp-content\/uploads\/2021\/08\/AVS-Audio-Editor.jpg 466w\" sizes=\"(max-width: 250px) 100vw, 250px\" \/><\/span><\/span><\/span><\/span><\/p><h2>AVS Audio Editor 8.4<\/h2><div>\u00a0<\/div><div>\u00a0<\/div><div>\u00a0<\/div><div>\u00a0<\/div><div>\u00a0<\/div><div>\u00a0<\/div><p><span style=\"vertical-align: inherit;\"><span style=\"vertical-align: inherit;\"><span style=\"vertical-align: inherit;\"><span style=\"vertical-align: inherit;\">Wszystkie wymienione powy\u017cej aplikacje wyst\u0119puj\u0105 w darmowej wersji .\u00a0<\/span><\/span><\/span><\/span><\/p><p><span style=\"vertical-align: inherit;\"><span style=\"vertical-align: inherit;\"><span style=\"vertical-align: inherit;\"><span style=\"vertical-align: inherit;\">\u00a0 \u00a0<\/span><\/span><\/span><\/span><\/p><p style=\"text-align: center;\"><img loading=\"lazy\" class=\"alignnone wp-image-312 size-full\" src=\"https:\/\/mini-dyktafon.podsluch.pl\/wp-content\/uploads\/2019\/08\/mini-dyktafon-big.jpg\" alt=\"mini dyktafony szpiegowskie\" width=\"432\" height=\"160\" srcset=\"https:\/\/mini-dyktafon.podsluch.pl\/wp-content\/uploads\/2019\/08\/mini-dyktafon-big.jpg 432w, https:\/\/mini-dyktafon.podsluch.pl\/wp-content\/uploads\/2019\/08\/mini-dyktafon-big-250x93.jpg 250w, https:\/\/mini-dyktafon.podsluch.pl\/wp-content\/uploads\/2019\/08\/mini-dyktafon-big-300x111.jpg 300w\" sizes=\"(max-width: 432px) 100vw, 432px\" \/>Odczyt nagra\u0144<\/p>\t\t\t\t\t<\/div>\n\t\t\t\t\t\t<\/div>\n\t\t\t\t<\/div>\n\t\t\t\t\t\t<\/div>\n\t\t\t\t\t<\/div>\n\t\t<\/div>\n\t\t\t\t\t\t\t\t<\/div>\n\t\t\t\t\t<\/div>\n\t\t<\/section>\n\t\t\t\t<section class=\"elementor-section elementor-top-section elementor-element elementor-element-bcc6ecf elementor-section-boxed elementor-section-height-default elementor-section-height-default\" data-id=\"bcc6ecf\" data-element_type=\"section\">\n\t\t\t\t\t\t<div class=\"elementor-container elementor-column-gap-default\">\n\t\t\t\t\t\t\t<div class=\"elementor-row\">\n\t\t\t\t\t<div class=\"elementor-column elementor-col-100 elementor-top-column elementor-element elementor-element-0067c1b\" data-id=\"0067c1b\" data-element_type=\"column\">\n\t\t\t<div class=\"elementor-column-wrap elementor-element-populated\">\n\t\t\t\t\t\t\t<div class=\"elementor-widget-wrap\">\n\t\t\t\t\t\t<div class=\"elementor-element elementor-element-a8d77e2 elementor-widget elementor-widget-text-editor\" data-id=\"a8d77e2\" data-element_type=\"widget\" data-widget_type=\"text-editor.default\">\n\t\t\t\t<div class=\"elementor-widget-container\">\n\t\t\t\t\t\t\t\t<div class=\"elementor-text-editor elementor-clearfix\">\n\t\t\t\t<p style=\"text-align: center;\"><b>Przed podj\u0119ciem decyzji o zakupie mini dyktafonu nale\u017cy\u00a0ustala\u0107 :<\/b><\/p><p><strong>~<\/strong> Czy nagranie jest wykonywane w jednym pliku co bardzo utrudnia ods\u0142uch. Nagrania w jednym pliku realizowane s\u0105 w mini dyktafonach z aktywacj\u0105 g\u0142osem. Cz\u0119sto zdarza si\u0119 \u017ce nagrany plik ze wzgl\u0119du na swoj\u0105 du\u017c\u0105 pojemno\u015b\u0107 nie mo\u017ce by\u0107 odtwarzany na popularnych komputerach.<\/p><p><strong>~<\/strong> Nagranie powinno by\u0107 podzielone na mniejsze cz\u0119\u015bci i opisane dat\u0105 i godzin\u0105 jego wykonania. Pozwala to na szybkie zidentyfikowanie w\u0142a\u015bciwego pliku z interesuj\u0105cym nas nagraniem.\u00a0<\/p><p><strong>~<\/strong> Gwarancja dobrego nagrania z odleg\u0142o\u015bci 10-25 m jest marketingowym oszustwem. Popularne dyktafony w akceptowalnych cenach przez tzw. przeci\u0119tnego &#8222;Kowalskiego&#8221; prawid\u0142owo nagrywaj\u0105 z odleg\u0142o\u015bci ok. 4-6 m. Nale\u017cy tak\u017ce pami\u0119ta\u0107 \u017ce jako\u015b\u0107 nagrania zale\u017cy:\u00a0<\/p><ul><li>od akustyki pomieszczenia w kt\u00f3rym wykonywane jest nagranie<\/li><li>mocy sygna\u0142u nagrywanego<\/li><li>mocy sygna\u0142u zag\u0142uszaj\u0105cego (radio, telewizor)<\/li><li>ukrycia mini dyktafonu<\/li><\/ul><p><strong>~<\/strong> Aktywacja g\u0142osem nagrania posiada wiele mankament\u00f3w i nie nale\u017cy jej stosowa\u0107. W praktyce oszcz\u0119dno\u015bci\u00a0 s\u0105 pozorne i bardzo utrudniaj\u0105 p\u00f3\u017aniejsze ods\u0142uchiwanie wykonanych nagra\u0144.<\/p><p><strong>~<\/strong> Nagranie z aktywacj\u0105 jest wykonane w jednym pliku co utrudnia jego\u00a0 ods\u0142uch.<\/p><p><strong>~<\/strong>chowaj\u0105c\u00a0 mini dyktafon\u00a0 z aktywacj\u0105 wymuszamy wy\u017cszy poziom sygna\u0142u aktywuj\u0105cego i dyktafon mo\u017ce si\u0119 nie w\u0142\u0105czy\u0107 w decyduj\u0105cym momencie.<\/p><p><strong>~<\/strong> W praktyce czas nagrania zale\u017cy od pojemno\u015bci akumulatora.<\/p><p><strong>~<\/strong> W pami\u0119ci 4 GB mo\u017cna nagra\u0107 ok. 70 godzin pod warunkiem \u017ce akumulator posiada pojemno\u015b\u0107 ok. 400 mA. Pami\u0119\u0107 16 GB umo\u017cliwia nagranie ok. 280 godzin pod warunkiem, \u017ce pojemno\u015b\u0107 akumulatora jest na poziomie ok 2000 mAh.<\/p><p>Dodatkowe informacje dotycz\u0105ce odczytu mini dyktafon\u00f3w mo\u017cna uzyska\u0107 na stronie <a href=\"https:\/\/www.euro-soft.pl\/joomla\/index.php\/8-oferty\/154-mini-dyktafony\">Euro-Soft<\/a><\/p><p style=\"text-align: center;\"><a href=\"http:\/\/mini-dyktafon.podsluch.pl\" rel=\"dofollow\"><img loading=\"lazy\" class=\"alignnone size-medium wp-image-4247\" src=\"https:\/\/mini-dyktafon.podsluch.pl\/wp-content\/uploads\/2020\/08\/logo-es1-250x104.jpg\" alt=\"dyktafon logo\" width=\"250\" height=\"104\" srcset=\"https:\/\/mini-dyktafon.podsluch.pl\/wp-content\/uploads\/2020\/08\/logo-es1-250x104.jpg 250w, https:\/\/mini-dyktafon.podsluch.pl\/wp-content\/uploads\/2020\/08\/logo-es1.jpg 381w\" sizes=\"(max-width: 250px) 100vw, 250px\" \/><\/a><\/p><p style=\"text-align: center;\">\u00a0<\/p>\t\t\t\t\t<\/div>\n\t\t\t\t\t\t<\/div>\n\t\t\t\t<\/div>\n\t\t\t\t<div class=\"elementor-element elementor-element-0d44bc2 elementor-shape-rounded elementor-grid-0 e-grid-align-center elementor-widget elementor-widget-social-icons\" data-id=\"0d44bc2\" data-element_type=\"widget\" data-widget_type=\"social-icons.default\">\n\t\t\t\t<div class=\"elementor-widget-container\">\n\t\t\t\t\t<div class=\"elementor-social-icons-wrapper elementor-grid\">\n\t\t\t\t\t\t\t<span class=\"elementor-grid-item\">\n\t\t\t\t\t<a class=\"elementor-icon elementor-social-icon elementor-social-icon-facebook elementor-repeater-item-95d6edb\" href=\"https:\/\/www.facebook.com\/eurosoft12\/?ref=pages_you_manage\" target=\"_blank\">\n\t\t\t\t\t\t<span class=\"elementor-screen-only\">Facebook<\/span>\n\t\t\t\t\t\t<i class=\"fab fa-facebook\"><\/i>\t\t\t\t\t<\/a>\n\t\t\t\t<\/span>\n\t\t\t\t\t\t\t<span class=\"elementor-grid-item\">\n\t\t\t\t\t<a class=\"elementor-icon elementor-social-icon elementor-social-icon-facebook elementor-repeater-item-b9c98d9\" href=\"https:\/\/www.facebook.com\/spystor\/?ref=pages_you_manage\" target=\"_blank\">\n\t\t\t\t\t\t<span class=\"elementor-screen-only\">Facebook<\/span>\n\t\t\t\t\t\t<i class=\"fab fa-facebook\"><\/i>\t\t\t\t\t<\/a>\n\t\t\t\t<\/span>\n\t\t\t\t\t\t\t<span class=\"elementor-grid-item\">\n\t\t\t\t\t<a class=\"elementor-icon elementor-social-icon elementor-social-icon-youtube elementor-repeater-item-814b1a6\" href=\"https:\/\/www.youtube.com\/watch?v=maHp5HxXuhY\" target=\"_blank\">\n\t\t\t\t\t\t<span class=\"elementor-screen-only\">Youtube<\/span>\n\t\t\t\t\t\t<i class=\"fab fa-youtube\"><\/i>\t\t\t\t\t<\/a>\n\t\t\t\t<\/span>\n\t\t\t\t\t\t\t<span class=\"elementor-grid-item\">\n\t\t\t\t\t<a class=\"elementor-icon elementor-social-icon elementor-social-icon-youtube elementor-repeater-item-eefb74b\" href=\"https:\/\/www.youtube.com\/watch?v=UEkNlhxAwhc\" target=\"_blank\">\n\t\t\t\t\t\t<span class=\"elementor-screen-only\">Youtube<\/span>\n\t\t\t\t\t\t<i class=\"fab fa-youtube\"><\/i>\t\t\t\t\t<\/a>\n\t\t\t\t<\/span>\n\t\t\t\t\t<\/div>\n\t\t\t\t<\/div>\n\t\t\t\t<\/div>\n\t\t\t\t\t\t<\/div>\n\t\t\t\t\t<\/div>\n\t\t<\/div>\n\t\t\t\t\t\t\t\t<\/div>\n\t\t\t\t\t<\/div>\n\t\t<\/section>\n\t\t\t\t\t\t<\/div>\n\t\t\t\t\t\t<\/div>\n\t\t\t\t\t<\/div>\n\t\t","protected":false},"excerpt":{"rendered":"<p>Odczyt nagra\u0144 . Odczyt nagra\u0144\u00a0z mini dyktafon\u00f3w mo\u017cna wykonywa\u0107 u\u017cywaj\u0105c dowolne oprogramowanie prezentowane poni\u017cej. My rekomendujemy aplikacje WavePad lub AudaCity.&hellip;<\/p>\n","protected":false},"author":1,"featured_media":3362,"parent":0,"menu_order":0,"comment_status":"closed","ping_status":"closed","template":"elementor_header_footer","meta":[],"_links":{"self":[{"href":"https:\/\/mini-dyktafon.podsluch.pl\/index.php\/wp-json\/wp\/v2\/pages\/4701"}],"collection":[{"href":"https:\/\/mini-dyktafon.podsluch.pl\/index.php\/wp-json\/wp\/v2\/pages"}],"about":[{"href":"https:\/\/mini-dyktafon.podsluch.pl\/index.php\/wp-json\/wp\/v2\/types\/page"}],"author":[{"embeddable":true,"href":"https:\/\/mini-dyktafon.podsluch.pl\/index.php\/wp-json\/wp\/v2\/users\/1"}],"replies":[{"embeddable":true,"href":"https:\/\/mini-dyktafon.podsluch.pl\/index.php\/wp-json\/wp\/v2\/comments?post=4701"}],"version-history":[{"count":114,"href":"https:\/\/mini-dyktafon.podsluch.pl\/index.php\/wp-json\/wp\/v2\/pages\/4701\/revisions"}],"predecessor-version":[{"id":6997,"href":"https:\/\/mini-dyktafon.podsluch.pl\/index.php\/wp-json\/wp\/v2\/pages\/4701\/revisions\/6997"}],"wp:featuredmedia":[{"embeddable":true,"href":"https:\/\/mini-dyktafon.podsluch.pl\/index.php\/wp-json\/wp\/v2\/media\/3362"}],"wp:attachment":[{"href":"https:\/\/mini-dyktafon.podsluch.pl\/index.php\/wp-json\/wp\/v2\/media?parent=4701"}],"curies":[{"name":"wp","href":"https:\/\/api.w.org\/{rel}","templated":true}]}}